{"id":10793,"date":"2026-04-21T12:20:11","date_gmt":"2026-04-21T12:20:11","guid":{"rendered":"https:\/\/novi.comex.rs\/?post_type=product&#038;p=10793"},"modified":"2026-04-21T12:20:11","modified_gmt":"2026-04-21T12:20:11","slug":"citac-kartica-gemalto-ct40","status":"publish","type":"product","link":"https:\/\/novi.comex.rs\/?product=citac-kartica-gemalto-ct40","title":{"rendered":"\u010cita\u010d kartica Gemalto CT40"},"content":{"rendered":"<h3 data-section-id=\"1e6y6pm\" data-start=\"1093\" data-end=\"1120\">Karakteristike:<\/h3>\n<ul data-start=\"1121\" data-end=\"1589\">\n<li data-section-id=\"z39pzi\" data-start=\"1121\" data-end=\"1146\">Tip: Smart card \u010dita\u010d<\/li>\n<li data-section-id=\"1pecyyb\" data-start=\"1147\" data-end=\"1171\">Povezivanje: USB 2.0<\/li>\n<li data-section-id=\"d0u8rm\" data-start=\"1172\" data-end=\"1314\">Podr\u017eane kartice: li\u010dna karta, voza\u010dka dozvola, zdravstvena knji\u017eica, bankovne i druge smart kartice<\/li>\n<li data-section-id=\"123eez0\" data-start=\"1315\" data-end=\"1386\">Standardi: ISO7816 (T=0, T=1)<\/li>\n<li data-section-id=\"ut41z5\" data-start=\"1387\" data-end=\"1466\">Kompatibilnost: Windows, macOS, Linux<\/li>\n<li data-section-id=\"gtuijn\" data-start=\"1467\" data-end=\"1540\">Dimenzije: oko 105 \u00d7 70 \u00d7 12 mm<\/li>\n<li data-section-id=\"1e4hfkr\" data-start=\"1541\" data-end=\"1589\">Napajanje: preko USB-a (bez dodatnog adaptera)<\/li>\n<\/ul>\n","protected":false},"excerpt":{"rendered":"<p>Karakteristike: Tip: Smart card \u010dita\u010d Povezivanje: USB 2.0 Podr\u017eane kartice: li\u010dna karta, voza\u010dka dozvola, zdravstvena knji\u017eica, bankovne i druge smart<\/p>\n","protected":false},"featured_media":10807,"comment_status":"open","ping_status":"closed","template":"","meta":[],"product_brand":[],"product_cat":[101],"product_tag":[],"class_list":{"0":"post-10793","1":"product","2":"type-product","3":"status-publish","4":"has-post-thumbnail","6":"product_cat-accessories","8":"first","9":"instock","10":"shipping-taxable","11":"product-type-simple"},"_links":{"self":[{"href":"https:\/\/novi.comex.rs\/index.php?rest_route=\/wp\/v2\/product\/10793","targetHints":{"allow":["GET"]}}],"collection":[{"href":"https:\/\/novi.comex.rs\/index.php?rest_route=\/wp\/v2\/product"}],"about":[{"href":"https:\/\/novi.comex.rs\/index.php?rest_route=\/wp\/v2\/types\/product"}],"replies":[{"embeddable":true,"href":"https:\/\/novi.comex.rs\/index.php?rest_route=%2Fwp%2Fv2%2Fcomments&post=10793"}],"version-history":[{"count":2,"href":"https:\/\/novi.comex.rs\/index.php?rest_route=\/wp\/v2\/product\/10793\/revisions"}],"predecessor-version":[{"id":10810,"href":"https:\/\/novi.comex.rs\/index.php?rest_route=\/wp\/v2\/product\/10793\/revisions\/10810"}],"wp:featuredmedia":[{"embeddable":true,"href":"https:\/\/novi.comex.rs\/index.php?rest_route=\/wp\/v2\/media\/10807"}],"wp:attachment":[{"href":"https:\/\/novi.comex.rs\/index.php?rest_route=%2Fwp%2Fv2%2Fmedia&parent=10793"}],"wp:term":[{"taxonomy":"product_brand","embeddable":true,"href":"https:\/\/novi.comex.rs\/index.php?rest_route=%2Fwp%2Fv2%2Fproduct_brand&post=10793"},{"taxonomy":"product_cat","embeddable":true,"href":"https:\/\/novi.comex.rs\/index.php?rest_route=%2Fwp%2Fv2%2Fproduct_cat&post=10793"},{"taxonomy":"product_tag","embeddable":true,"href":"https:\/\/novi.comex.rs\/index.php?rest_route=%2Fwp%2Fv2%2Fproduct_tag&post=10793"}],"curies":[{"name":"wp","href":"https:\/\/api.w.org\/{rel}","templated":true}]}}