{"id":10761,"date":"2026-04-18T09:15:20","date_gmt":"2026-04-18T09:15:20","guid":{"rendered":"https:\/\/novi.comex.rs\/?post_type=product&#038;p=10761"},"modified":"2026-04-18T09:15:20","modified_gmt":"2026-04-18T09:15:20","slug":"telpo-c11","status":"publish","type":"product","link":"https:\/\/novi.comex.rs\/?product=telpo-c11","title":{"rendered":"TELPO C11"},"content":{"rendered":"<p data-start=\"33\" data-end=\"60\"><strong data-start=\"33\" data-end=\"60\">Fiskalna kasa TELPO C11<\/strong><\/p>\n<p data-start=\"62\" data-end=\"286\">Moderan Android POS terminal namenjen maloprodaji i ugostiteljstvu, idealan za e-fiskalizaciju. Kompaktan all-in-one ure\u0111aj sa velikim touch ekranom i mogu\u0107no\u0161\u0107u povezivanja sa \u0161tampa\u010dem, vagom i drugim perifernim ure\u0111ajima.<\/p>\n<ul data-start=\"288\" data-end=\"741\">\n<li data-section-id=\"6qsinv\" data-start=\"288\" data-end=\"360\">10.1\u201d touch displej (1280\u00d7800)<\/li>\n<li data-section-id=\"3z1e0r\" data-start=\"361\" data-end=\"433\">Android OS (ESIR\/LPFR podr\u0161ka)<\/li>\n<li data-section-id=\"182gi0o\" data-start=\"434\" data-end=\"510\">WiFi \/ LAN \/ Bluetooth povezivanje<\/li>\n<li data-section-id=\"upy39p\" data-start=\"511\" data-end=\"588\">2GB RAM \/ 16GB memorija (pro\u0161irivo)<\/li>\n<li data-section-id=\"9jj9tg\" data-start=\"589\" data-end=\"665\">Povezivanje: USB, RJ11, RJ12, RJ45<\/li>\n<li data-section-id=\"fpl63v\" data-start=\"666\" data-end=\"741\">Dimenzije: cca 253 \u00d7 166 \u00d7 250 mm<\/li>\n<\/ul>\n","protected":false},"excerpt":{"rendered":"<p>Fiskalna kasa TELPO C11 Moderan Android POS terminal namenjen maloprodaji i ugostiteljstvu, idealan za e-fiskalizaciju. Kompaktan all-in-one ure\u0111aj sa velikim<\/p>\n","protected":false},"featured_media":10762,"comment_status":"open","ping_status":"closed","template":"","meta":[],"product_brand":[],"product_cat":[127],"product_tag":[],"class_list":{"0":"post-10761","1":"product","2":"type-product","3":"status-publish","4":"has-post-thumbnail","6":"product_cat-kase","8":"first","9":"instock","10":"shipping-taxable","11":"purchasable","12":"product-type-simple"},"_links":{"self":[{"href":"https:\/\/novi.comex.rs\/index.php?rest_route=\/wp\/v2\/product\/10761","targetHints":{"allow":["GET"]}}],"collection":[{"href":"https:\/\/novi.comex.rs\/index.php?rest_route=\/wp\/v2\/product"}],"about":[{"href":"https:\/\/novi.comex.rs\/index.php?rest_route=\/wp\/v2\/types\/product"}],"replies":[{"embeddable":true,"href":"https:\/\/novi.comex.rs\/index.php?rest_route=%2Fwp%2Fv2%2Fcomments&post=10761"}],"version-history":[{"count":1,"href":"https:\/\/novi.comex.rs\/index.php?rest_route=\/wp\/v2\/product\/10761\/revisions"}],"predecessor-version":[{"id":10763,"href":"https:\/\/novi.comex.rs\/index.php?rest_route=\/wp\/v2\/product\/10761\/revisions\/10763"}],"wp:featuredmedia":[{"embeddable":true,"href":"https:\/\/novi.comex.rs\/index.php?rest_route=\/wp\/v2\/media\/10762"}],"wp:attachment":[{"href":"https:\/\/novi.comex.rs\/index.php?rest_route=%2Fwp%2Fv2%2Fmedia&parent=10761"}],"wp:term":[{"taxonomy":"product_brand","embeddable":true,"href":"https:\/\/novi.comex.rs\/index.php?rest_route=%2Fwp%2Fv2%2Fproduct_brand&post=10761"},{"taxonomy":"product_cat","embeddable":true,"href":"https:\/\/novi.comex.rs\/index.php?rest_route=%2Fwp%2Fv2%2Fproduct_cat&post=10761"},{"taxonomy":"product_tag","embeddable":true,"href":"https:\/\/novi.comex.rs\/index.php?rest_route=%2Fwp%2Fv2%2Fproduct_tag&post=10761"}],"curies":[{"name":"wp","href":"https:\/\/api.w.org\/{rel}","templated":true}]}}