{"id":10759,"date":"2026-04-18T09:10:48","date_gmt":"2026-04-18T09:10:48","guid":{"rendered":"https:\/\/novi.comex.rs\/?post_type=product&#038;p=10759"},"modified":"2026-04-18T09:11:52","modified_gmt":"2026-04-18T09:11:52","slug":"sunmi-d2-mini-gprs","status":"publish","type":"product","link":"https:\/\/novi.comex.rs\/?product=sunmi-d2-mini-gprs","title":{"rendered":"SUNMI D2 MINI GPRS"},"content":{"rendered":"<p data-start=\"42\" data-end=\"72\"><strong data-start=\"42\" data-end=\"72\">SUNMI D2 Mini POS terminal<\/strong><\/p>\n<p data-start=\"74\" data-end=\"267\">Kompaktan i moderan all-in-one POS ure\u0111aj sa Android operativnim sistemom, idealan za maloprodaju i ugostiteljstvo. Poseduje dva ekrana i integrisan \u0161tampa\u010d za brzo i efikasno izdavanje ra\u010duna.<\/p>\n<ul data-start=\"269\" data-end=\"718\">\n<li data-section-id=\"1hnntyz\" data-start=\"269\" data-end=\"354\">10.1\u201d touch displej + 4.3\u201d displej za kupca<\/li>\n<li data-section-id=\"5nzldk\" data-start=\"355\" data-end=\"441\">Termalni \u0161tampa\u010d (58 mm), brzina do 160 mm\/s<\/li>\n<li data-section-id=\"1wj4p90\" data-start=\"442\" data-end=\"500\">Android OS (8.1)<\/li>\n<li data-section-id=\"1ll007d\" data-start=\"501\" data-end=\"576\">WiFi \/ LAN \/ Bluetooth \/ 4G \/ NFC<\/li>\n<li data-section-id=\"1p2h2ym\" data-start=\"577\" data-end=\"646\">Memorija: 2GB RAM \/ 8GB ROM<\/li>\n<li data-section-id=\"hgde12\" data-start=\"647\" data-end=\"718\">Dimenzije: 260 \u00d7 290 \u00d7 100 mm<\/li>\n<\/ul>\n","protected":false},"excerpt":{"rendered":"<p>SUNMI D2 Mini POS terminal Kompaktan i moderan all-in-one POS ure\u0111aj sa Android operativnim sistemom, idealan za maloprodaju i ugostiteljstvo.<\/p>\n","protected":false},"featured_media":10756,"comment_status":"open","ping_status":"closed","template":"","meta":[],"product_brand":[],"product_cat":[127],"product_tag":[],"class_list":{"0":"post-10759","1":"product","2":"type-product","3":"status-publish","4":"has-post-thumbnail","6":"product_cat-kase","8":"first","9":"instock","10":"shipping-taxable","11":"product-type-simple"},"_links":{"self":[{"href":"https:\/\/novi.comex.rs\/index.php?rest_route=\/wp\/v2\/product\/10759","targetHints":{"allow":["GET"]}}],"collection":[{"href":"https:\/\/novi.comex.rs\/index.php?rest_route=\/wp\/v2\/product"}],"about":[{"href":"https:\/\/novi.comex.rs\/index.php?rest_route=\/wp\/v2\/types\/product"}],"replies":[{"embeddable":true,"href":"https:\/\/novi.comex.rs\/index.php?rest_route=%2Fwp%2Fv2%2Fcomments&post=10759"}],"version-history":[{"count":1,"href":"https:\/\/novi.comex.rs\/index.php?rest_route=\/wp\/v2\/product\/10759\/revisions"}],"predecessor-version":[{"id":10760,"href":"https:\/\/novi.comex.rs\/index.php?rest_route=\/wp\/v2\/product\/10759\/revisions\/10760"}],"wp:featuredmedia":[{"embeddable":true,"href":"https:\/\/novi.comex.rs\/index.php?rest_route=\/wp\/v2\/media\/10756"}],"wp:attachment":[{"href":"https:\/\/novi.comex.rs\/index.php?rest_route=%2Fwp%2Fv2%2Fmedia&parent=10759"}],"wp:term":[{"taxonomy":"product_brand","embeddable":true,"href":"https:\/\/novi.comex.rs\/index.php?rest_route=%2Fwp%2Fv2%2Fproduct_brand&post=10759"},{"taxonomy":"product_cat","embeddable":true,"href":"https:\/\/novi.comex.rs\/index.php?rest_route=%2Fwp%2Fv2%2Fproduct_cat&post=10759"},{"taxonomy":"product_tag","embeddable":true,"href":"https:\/\/novi.comex.rs\/index.php?rest_route=%2Fwp%2Fv2%2Fproduct_tag&post=10759"}],"curies":[{"name":"wp","href":"https:\/\/api.w.org\/{rel}","templated":true}]}}