{"id":10749,"date":"2026-04-17T13:39:38","date_gmt":"2026-04-17T13:39:38","guid":{"rendered":"https:\/\/novi.comex.rs\/?post_type=product&#038;p=10749"},"modified":"2026-04-17T13:39:39","modified_gmt":"2026-04-17T13:39:39","slug":"hcp-best-6","status":"publish","type":"product","link":"https:\/\/novi.comex.rs\/?product=hcp-best-6","title":{"rendered":"HCP BEST 6"},"content":{"rendered":"<p data-start=\"42\" data-end=\"70\"><strong data-start=\"42\" data-end=\"70\">Fiskalna kasa HCP BEST 6<\/strong><\/p>\n<p data-start=\"72\" data-end=\"299\">Savremena Android fiskalna kasa sa integrisanim ESIR\/LPFR sistemom, namenjena \u0161irokom spektru delatnosti. Kompaktan all-in-one ure\u0111aj sa ekranom na dodir, \u0161tampa\u010dem i mobilnim povezivanjem, idealan za rad u pokretu i na terenu.<\/p>\n<ul data-start=\"301\" data-end=\"595\">\n<li data-section-id=\"1qkiw9h\" data-start=\"301\" data-end=\"323\">6.0\u201d touch displej<\/li>\n<li data-section-id=\"cbc2dh\" data-start=\"324\" data-end=\"352\">Termalni \u0161tampa\u010d (58 mm)<\/li>\n<li data-section-id=\"1dg096d\" data-start=\"353\" data-end=\"390\">4G \/ WiFi \/ Bluetooth povezivanje<\/li>\n<li data-section-id=\"11ez8fr\" data-start=\"391\" data-end=\"458\">Android 10 (Safedroid OS)<\/li>\n<li data-section-id=\"q1moi9\" data-start=\"459\" data-end=\"525\">Memorija: 2GB RAM \/ 16GB<\/li>\n<li data-section-id=\"x9huxt\" data-start=\"526\" data-end=\"595\">Dimenzije: 215 \u00d7 81 \u00d7 17 mm<\/li>\n<\/ul>\n","protected":false},"excerpt":{"rendered":"<p>Fiskalna kasa HCP BEST 6 Savremena Android fiskalna kasa sa integrisanim ESIR\/LPFR sistemom, namenjena \u0161irokom spektru delatnosti. Kompaktan all-in-one ure\u0111aj<\/p>\n","protected":false},"featured_media":10750,"comment_status":"open","ping_status":"closed","template":"","meta":[],"product_brand":[],"product_cat":[127],"product_tag":[],"class_list":{"0":"post-10749","1":"product","2":"type-product","3":"status-publish","4":"has-post-thumbnail","6":"product_cat-kase","8":"first","9":"instock","10":"shipping-taxable","11":"purchasable","12":"product-type-simple"},"_links":{"self":[{"href":"https:\/\/novi.comex.rs\/index.php?rest_route=\/wp\/v2\/product\/10749","targetHints":{"allow":["GET"]}}],"collection":[{"href":"https:\/\/novi.comex.rs\/index.php?rest_route=\/wp\/v2\/product"}],"about":[{"href":"https:\/\/novi.comex.rs\/index.php?rest_route=\/wp\/v2\/types\/product"}],"replies":[{"embeddable":true,"href":"https:\/\/novi.comex.rs\/index.php?rest_route=%2Fwp%2Fv2%2Fcomments&post=10749"}],"version-history":[{"count":1,"href":"https:\/\/novi.comex.rs\/index.php?rest_route=\/wp\/v2\/product\/10749\/revisions"}],"predecessor-version":[{"id":10751,"href":"https:\/\/novi.comex.rs\/index.php?rest_route=\/wp\/v2\/product\/10749\/revisions\/10751"}],"wp:featuredmedia":[{"embeddable":true,"href":"https:\/\/novi.comex.rs\/index.php?rest_route=\/wp\/v2\/media\/10750"}],"wp:attachment":[{"href":"https:\/\/novi.comex.rs\/index.php?rest_route=%2Fwp%2Fv2%2Fmedia&parent=10749"}],"wp:term":[{"taxonomy":"product_brand","embeddable":true,"href":"https:\/\/novi.comex.rs\/index.php?rest_route=%2Fwp%2Fv2%2Fproduct_brand&post=10749"},{"taxonomy":"product_cat","embeddable":true,"href":"https:\/\/novi.comex.rs\/index.php?rest_route=%2Fwp%2Fv2%2Fproduct_cat&post=10749"},{"taxonomy":"product_tag","embeddable":true,"href":"https:\/\/novi.comex.rs\/index.php?rest_route=%2Fwp%2Fv2%2Fproduct_tag&post=10749"}],"curies":[{"name":"wp","href":"https:\/\/api.w.org\/{rel}","templated":true}]}}