{"id":10735,"date":"2026-04-17T12:52:12","date_gmt":"2026-04-17T12:52:12","guid":{"rendered":"https:\/\/novi.comex.rs\/?post_type=product&#038;p=10735"},"modified":"2026-04-17T12:52:12","modified_gmt":"2026-04-17T12:52:12","slug":"galeb-n910-pro","status":"publish","type":"product","link":"https:\/\/novi.comex.rs\/?product=galeb-n910-pro","title":{"rendered":"GALEB N910 PRO"},"content":{"rendered":"<p data-start=\"33\" data-end=\"59\"><strong data-start=\"33\" data-end=\"59\">Fiskalna kasa N910 PRO<\/strong><\/p>\n<p data-start=\"61\" data-end=\"257\">Napredna mobilna fiskalna kasa (Smart POS) sa Android operativnim sistemom, idealna za terensku i maloprodajnu prodaju. All-in-one ure\u0111aj sa integrisanim \u0161tampa\u010dem i podr\u0161kom za karti\u010dno pla\u0107anje.<\/p>\n<ul data-start=\"259\" data-end=\"477\">\n<li data-section-id=\"618avn\" data-start=\"259\" data-end=\"281\">5.5\u201d touch displej<\/li>\n<li data-section-id=\"cbc2dh\" data-start=\"282\" data-end=\"310\">Termalni \u0161tampa\u010d (58 mm)<\/li>\n<li data-section-id=\"1dg096d\" data-start=\"311\" data-end=\"348\">4G \/ WiFi \/ Bluetooth povezivanje<\/li>\n<li data-section-id=\"1lv8kq7\" data-start=\"349\" data-end=\"402\">Podr\u0161ka za kartice (chip, magnetna, beskontaktno)<\/li>\n<li data-section-id=\"1d7i1jl\" data-start=\"403\" data-end=\"449\">Kamera za skeniranje barkodova i QR kodova<\/li>\n<li data-section-id=\"5edv2c\" data-start=\"450\" data-end=\"477\">Baterija za mobilni rad<\/li>\n<\/ul>\n","protected":false},"excerpt":{"rendered":"<p>Fiskalna kasa N910 PRO Napredna mobilna fiskalna kasa (Smart POS) sa Android operativnim sistemom, idealna za terensku i maloprodajnu prodaju.<\/p>\n","protected":false},"featured_media":10736,"comment_status":"open","ping_status":"closed","template":"","meta":[],"product_brand":[],"product_cat":[127],"product_tag":[],"class_list":{"0":"post-10735","1":"product","2":"type-product","3":"status-publish","4":"has-post-thumbnail","6":"product_cat-kase","8":"first","9":"instock","10":"shipping-taxable","11":"product-type-simple"},"_links":{"self":[{"href":"https:\/\/novi.comex.rs\/index.php?rest_route=\/wp\/v2\/product\/10735","targetHints":{"allow":["GET"]}}],"collection":[{"href":"https:\/\/novi.comex.rs\/index.php?rest_route=\/wp\/v2\/product"}],"about":[{"href":"https:\/\/novi.comex.rs\/index.php?rest_route=\/wp\/v2\/types\/product"}],"replies":[{"embeddable":true,"href":"https:\/\/novi.comex.rs\/index.php?rest_route=%2Fwp%2Fv2%2Fcomments&post=10735"}],"version-history":[{"count":1,"href":"https:\/\/novi.comex.rs\/index.php?rest_route=\/wp\/v2\/product\/10735\/revisions"}],"predecessor-version":[{"id":10738,"href":"https:\/\/novi.comex.rs\/index.php?rest_route=\/wp\/v2\/product\/10735\/revisions\/10738"}],"wp:featuredmedia":[{"embeddable":true,"href":"https:\/\/novi.comex.rs\/index.php?rest_route=\/wp\/v2\/media\/10736"}],"wp:attachment":[{"href":"https:\/\/novi.comex.rs\/index.php?rest_route=%2Fwp%2Fv2%2Fmedia&parent=10735"}],"wp:term":[{"taxonomy":"product_brand","embeddable":true,"href":"https:\/\/novi.comex.rs\/index.php?rest_route=%2Fwp%2Fv2%2Fproduct_brand&post=10735"},{"taxonomy":"product_cat","embeddable":true,"href":"https:\/\/novi.comex.rs\/index.php?rest_route=%2Fwp%2Fv2%2Fproduct_cat&post=10735"},{"taxonomy":"product_tag","embeddable":true,"href":"https:\/\/novi.comex.rs\/index.php?rest_route=%2Fwp%2Fv2%2Fproduct_tag&post=10735"}],"curies":[{"name":"wp","href":"https:\/\/api.w.org\/{rel}","templated":true}]}}