{"id":10716,"date":"2026-04-17T10:35:42","date_gmt":"2026-04-17T10:35:42","guid":{"rendered":"https:\/\/novi.comex.rs\/?post_type=product&#038;p=10716"},"modified":"2026-04-17T10:35:42","modified_gmt":"2026-04-17T10:35:42","slug":"vaga-s300-fm","status":"publish","type":"product","link":"https:\/\/novi.comex.rs\/?product=vaga-s300-fm","title":{"rendered":"Vaga S300 FM"},"content":{"rendered":"<p><strong>Vaga S300 FM sa obra\u010dunom cene<\/strong><\/p>\n<p>1. Izra\u0111ena od jake i kvalitetne plastike, otporna na udarce i preoptere\u0107enja<br \/>\n2. Tas vage se oslanja direktno na podesive no\u017eice vage, \u0161to onemogu\u0107ava ugibanje vage i neta\u010dne mere<br \/>\n3. Maksimum merenja: 3\/6kg;6\/15kg i 15\/30kg<br \/>\n4. Minimum merenja: 20g;40g i 100g<br \/>\n5. Podela merenja: 1\/2g;2\/5g i 5\/10g<br \/>\n6. Dimenzije vage: 340mm x 320mm x120mm<br \/>\n7. Veli\u010dina-tasa 290mm x 220mm od prohroma<br \/>\n8. Tastatura: 20 tastera i 12 brzih taster<br \/>\n9. Napajanje: Adapter AC 5V\/500mA i punjiva Li-on baterija 3,7V koja je ugra\u0111ena u vagu<br \/>\n10. LCD displej sa pozadinskim osvetljenjem<br \/>\n11. Displej za prodavca na ku\u0107i\u0161tu vage, napred, displej za kupca na ku\u0107i\u0161tu vage, odpozadi<br \/>\n12. Na displejima se prikazuje izmerena te\u017eina, jedini\u010dna cena i ukupna cena<br \/>\n13. Pozadinsko svetlo<br \/>\n14. Funkcija nuliranja i Tare<br \/>\n15. Funkcija obra\u010dunavanja cene po jedinici mere<br \/>\n16. Funkcija memorisanja artikala i cene za svaki artikal pojedina\u010dno<br \/>\n17. 2000 artikala u memoriji<br \/>\n18. Radna temperature od -10C do +40C<br \/>\n19. Priklju\u010dak za vezu sa ra\u010dunarom i termalnim \u0161tampa\u010dem<br \/>\n20. Softver za povezivanje sa termalnim \u0161tampa\u010dem i \u0161tampanje nalepnica (Opciono)<br \/>\n21. Besplatan softver za unos artikala i drugih podataka u vagu<br \/>\n22. Protokoli za povezivanje vage sa PC-ijem, kasama, label i pos printerima<br \/>\n23. Vaga povezana sa label printerom mo\u017ee da \u0161tampa naziv firme, naziv artikla, podatke za artikal u 20 reda, bar-<br \/>\nkod, datum \u0161tampe,broj \u0161tampe, rok upotrebe (upotrebljivo do), lot broj\u2026<br \/>\n24. Vage su \u017eigosane sa rokom va\u017enosti \u017eiga dve godine od izdavanja deklaracije o usagle\u0161enosti.<br \/>\n25. Garancija:24meseca od dana isporuke, sem na bateriju i adapter<\/p>\n<p>&nbsp;<\/p>\n","protected":false},"excerpt":{"rendered":"<ul>\n<li>Maksimum merenja: 3\/6kg;6\/15kg i 15\/30kg<\/li>\n<li>Dimenzije vage: 340mm x 320mm x120mm<\/li>\n<li>Besplatan softver<\/li>\n<\/ul>\n","protected":false},"featured_media":10717,"comment_status":"open","ping_status":"closed","template":"","meta":[],"product_brand":[],"product_cat":[128],"product_tag":[],"class_list":{"0":"post-10716","1":"product","2":"type-product","3":"status-publish","4":"has-post-thumbnail","6":"product_cat-vage","8":"first","9":"instock","10":"shipping-taxable","11":"product-type-simple"},"_links":{"self":[{"href":"https:\/\/novi.comex.rs\/index.php?rest_route=\/wp\/v2\/product\/10716","targetHints":{"allow":["GET"]}}],"collection":[{"href":"https:\/\/novi.comex.rs\/index.php?rest_route=\/wp\/v2\/product"}],"about":[{"href":"https:\/\/novi.comex.rs\/index.php?rest_route=\/wp\/v2\/types\/product"}],"replies":[{"embeddable":true,"href":"https:\/\/novi.comex.rs\/index.php?rest_route=%2Fwp%2Fv2%2Fcomments&post=10716"}],"version-history":[{"count":1,"href":"https:\/\/novi.comex.rs\/index.php?rest_route=\/wp\/v2\/product\/10716\/revisions"}],"predecessor-version":[{"id":10719,"href":"https:\/\/novi.comex.rs\/index.php?rest_route=\/wp\/v2\/product\/10716\/revisions\/10719"}],"wp:featuredmedia":[{"embeddable":true,"href":"https:\/\/novi.comex.rs\/index.php?rest_route=\/wp\/v2\/media\/10717"}],"wp:attachment":[{"href":"https:\/\/novi.comex.rs\/index.php?rest_route=%2Fwp%2Fv2%2Fmedia&parent=10716"}],"wp:term":[{"taxonomy":"product_brand","embeddable":true,"href":"https:\/\/novi.comex.rs\/index.php?rest_route=%2Fwp%2Fv2%2Fproduct_brand&post=10716"},{"taxonomy":"product_cat","embeddable":true,"href":"https:\/\/novi.comex.rs\/index.php?rest_route=%2Fwp%2Fv2%2Fproduct_cat&post=10716"},{"taxonomy":"product_tag","embeddable":true,"href":"https:\/\/novi.comex.rs\/index.php?rest_route=%2Fwp%2Fv2%2Fproduct_tag&post=10716"}],"curies":[{"name":"wp","href":"https:\/\/api.w.org\/{rel}","templated":true}]}}