{"id":10698,"date":"2026-04-17T10:13:49","date_gmt":"2026-04-17T10:13:49","guid":{"rendered":"https:\/\/novi.comex.rs\/?post_type=product&#038;p=10698"},"modified":"2026-04-17T10:13:49","modified_gmt":"2026-04-17T10:13:49","slug":"vaga-evl-pe5","status":"publish","type":"product","link":"https:\/\/novi.comex.rs\/?product=vaga-evl-pe5","title":{"rendered":"Vaga EVL-PE5"},"content":{"rendered":"<p><strong>Vaga EVL-PE5 bez obra\u010duna cene<\/strong><\/p>\n<p>1. Konstruktivno vrlo stabilna i jaka vaga, dugo prisutna na tr\u017ei\u0161tu u Srbiji<br \/>\n2. Izra\u0111ena od jake i kvalitetne plastike, otporna na udarce i preoptere\u0107enja<br \/>\n3. Tas vage se oslanja direktno na podesive no\u017eice vage, \u0161to onemogu\u0107ava ugibanje vage i neta\u010dne mere<br \/>\n4. Maksimumu merenja: 3\/6kg i 6\/15kg i 15\/30kg<br \/>\n5. Minimum merenja: 10g i 20g i 40g<br \/>\n6. Podela merenja: 1\/2g, 2\/5 i 5\/10g<br \/>\n7. Dimenzije vage: 380mmx330m x130mm<br \/>\n8. Tas od prohroma dimenzija: 330mmx250mm<br \/>\n9. Funkcija nuliranja i Tare<br \/>\n10. Tastatura: 7 tastera<br \/>\n11. Napajanje: 220V (spoljnji adapter) i punjiva baterija ve\u0107 ugra\u0111ena u vagu sa mogu\u0107no\u0161\u0107u neprekidnog<br \/>\nrada do 120 sati bez ponovnog punjenja<br \/>\n12. LCD displej za kupca i prodavca, visina cifara 15mm<br \/>\n13. Displej za prodavca na ku\u0107i\u0161tu vage, napred, displej za kupca na ku\u0107i\u0161tu vage, odpozadi<br \/>\n14. Pozadinsko svetlo<br \/>\n15. Radna temperature od -10C do +40C<br \/>\n16. Garancija:24meseca od dana isporuke, sem na bateriju i adapter<\/p>\n","protected":false},"excerpt":{"rendered":"<ul>\n<li class=\"product-manufacturer\">Maksimumu merenja: 3\/6kg i 6\/15kg i 15\/30kg<\/li>\n<li>Dimenzije vage: 380mmx330m x130mm<\/li>\n<li>LCD displej<\/li>\n<\/ul>\n","protected":false},"featured_media":10699,"comment_status":"open","ping_status":"closed","template":"","meta":[],"product_brand":[],"product_cat":[128],"product_tag":[],"class_list":{"0":"post-10698","1":"product","2":"type-product","3":"status-publish","4":"has-post-thumbnail","6":"product_cat-vage","8":"first","9":"instock","10":"shipping-taxable","11":"product-type-simple"},"_links":{"self":[{"href":"https:\/\/novi.comex.rs\/index.php?rest_route=\/wp\/v2\/product\/10698","targetHints":{"allow":["GET"]}}],"collection":[{"href":"https:\/\/novi.comex.rs\/index.php?rest_route=\/wp\/v2\/product"}],"about":[{"href":"https:\/\/novi.comex.rs\/index.php?rest_route=\/wp\/v2\/types\/product"}],"replies":[{"embeddable":true,"href":"https:\/\/novi.comex.rs\/index.php?rest_route=%2Fwp%2Fv2%2Fcomments&post=10698"}],"version-history":[{"count":1,"href":"https:\/\/novi.comex.rs\/index.php?rest_route=\/wp\/v2\/product\/10698\/revisions"}],"predecessor-version":[{"id":10700,"href":"https:\/\/novi.comex.rs\/index.php?rest_route=\/wp\/v2\/product\/10698\/revisions\/10700"}],"wp:featuredmedia":[{"embeddable":true,"href":"https:\/\/novi.comex.rs\/index.php?rest_route=\/wp\/v2\/media\/10699"}],"wp:attachment":[{"href":"https:\/\/novi.comex.rs\/index.php?rest_route=%2Fwp%2Fv2%2Fmedia&parent=10698"}],"wp:term":[{"taxonomy":"product_brand","embeddable":true,"href":"https:\/\/novi.comex.rs\/index.php?rest_route=%2Fwp%2Fv2%2Fproduct_brand&post=10698"},{"taxonomy":"product_cat","embeddable":true,"href":"https:\/\/novi.comex.rs\/index.php?rest_route=%2Fwp%2Fv2%2Fproduct_cat&post=10698"},{"taxonomy":"product_tag","embeddable":true,"href":"https:\/\/novi.comex.rs\/index.php?rest_route=%2Fwp%2Fv2%2Fproduct_tag&post=10698"}],"curies":[{"name":"wp","href":"https:\/\/api.w.org\/{rel}","templated":true}]}}