{"id":10695,"date":"2026-04-17T10:02:54","date_gmt":"2026-04-17T10:02:54","guid":{"rendered":"https:\/\/novi.comex.rs\/?post_type=product&#038;p=10695"},"modified":"2026-04-17T10:02:54","modified_gmt":"2026-04-17T10:02:54","slug":"vaga-rls","status":"publish","type":"product","link":"https:\/\/novi.comex.rs\/?product=vaga-rls","title":{"rendered":"Vaga RLS"},"content":{"rendered":"<p><strong>Vaga RLS sa integrisanim \u0161tampa\u010dem:<\/strong><\/p>\n<p>Max merenja: 6\/15kg i 15\/30kg<br \/>\nPodela merenja: 2\/5 i 5\/10g<br \/>\nLCD displej sa pozdravnom porukom<br \/>\n5000 artikala u memoriji<br \/>\n112 direktnih (brzih) tastera za va\u0111enje artikala iz memorije<br \/>\n28 funkcionalnih tastera<br \/>\nRe\u017eim auto\u0161tampe<br \/>\nIspisivanje podataka o artiklu u vi\u0161e redova<br \/>\nOd\u0161tamana etiketa mo\u017ee da sadr\u017ei: ime firme,naziv proizvoda,datum merenja,rok upotrebe,bar kod,jedini\u010dnu cenu,ukupnu cenu,neto masu.<br \/>\nDimenzija nalepnice 58\u00d743,58\u00d775<br \/>\nLaka i brza zamena rolni<br \/>\nDimenzija vage:400mm x360mm x510mm (h)<br \/>\nDimenzije tasa: 350x270mm<br \/>\nTas od prohroma<br \/>\nKomunikacija: RS-232 i Eternet<br \/>\nBesplatan softver za kreiranje etikete i punjenje vage, kao i protokoli za povezivanje vage sa spolja\u0161njim softverom<\/p>\n","protected":false},"excerpt":{"rendered":"<h1 class=\"product_title entry-title\">Vaga RLS<\/h1>\n<p class=\"price\">\n<div class=\"woocommerce-product-details__short-description\">\n<ul>\n<li>Max merenja: 6\/15kg i 15\/30kg<\/li>\n<li>5000 artikala u memoriji<\/li>\n<li>Besplatan softver<\/li>\n<li>Ugra\u0111en \u0161tampa\u010d<\/li>\n<\/ul>\n<\/div>\n","protected":false},"featured_media":10696,"comment_status":"open","ping_status":"closed","template":"","meta":[],"product_brand":[],"product_cat":[128],"product_tag":[],"class_list":{"0":"post-10695","1":"product","2":"type-product","3":"status-publish","4":"has-post-thumbnail","6":"product_cat-vage","8":"first","9":"instock","10":"shipping-taxable","11":"product-type-simple"},"_links":{"self":[{"href":"https:\/\/novi.comex.rs\/index.php?rest_route=\/wp\/v2\/product\/10695","targetHints":{"allow":["GET"]}}],"collection":[{"href":"https:\/\/novi.comex.rs\/index.php?rest_route=\/wp\/v2\/product"}],"about":[{"href":"https:\/\/novi.comex.rs\/index.php?rest_route=\/wp\/v2\/types\/product"}],"replies":[{"embeddable":true,"href":"https:\/\/novi.comex.rs\/index.php?rest_route=%2Fwp%2Fv2%2Fcomments&post=10695"}],"version-history":[{"count":1,"href":"https:\/\/novi.comex.rs\/index.php?rest_route=\/wp\/v2\/product\/10695\/revisions"}],"predecessor-version":[{"id":10697,"href":"https:\/\/novi.comex.rs\/index.php?rest_route=\/wp\/v2\/product\/10695\/revisions\/10697"}],"wp:featuredmedia":[{"embeddable":true,"href":"https:\/\/novi.comex.rs\/index.php?rest_route=\/wp\/v2\/media\/10696"}],"wp:attachment":[{"href":"https:\/\/novi.comex.rs\/index.php?rest_route=%2Fwp%2Fv2%2Fmedia&parent=10695"}],"wp:term":[{"taxonomy":"product_brand","embeddable":true,"href":"https:\/\/novi.comex.rs\/index.php?rest_route=%2Fwp%2Fv2%2Fproduct_brand&post=10695"},{"taxonomy":"product_cat","embeddable":true,"href":"https:\/\/novi.comex.rs\/index.php?rest_route=%2Fwp%2Fv2%2Fproduct_cat&post=10695"},{"taxonomy":"product_tag","embeddable":true,"href":"https:\/\/novi.comex.rs\/index.php?rest_route=%2Fwp%2Fv2%2Fproduct_tag&post=10695"}],"curies":[{"name":"wp","href":"https:\/\/api.w.org\/{rel}","templated":true}]}}