{"id":10692,"date":"2026-04-17T09:51:26","date_gmt":"2026-04-17T09:51:26","guid":{"rendered":"https:\/\/novi.comex.rs\/?post_type=product&#038;p=10692"},"modified":"2026-04-17T11:35:39","modified_gmt":"2026-04-17T11:35:39","slug":"hs410","status":"publish","type":"product","link":"https:\/\/novi.comex.rs\/?product=hs410","title":{"rendered":"HS410"},"content":{"rendered":"<p data-start=\"38\" data-end=\"62\"><strong data-start=\"38\" data-end=\"62\">Fioka za novac HS410<\/strong><\/p>\n<p data-start=\"64\" data-end=\"376\">Robusna i pouzdana fioka za novac, namenjena za intenzivnu svakodnevnu upotrebu u prodavnicama, restoranima i drugim prodajnim mestima. Metalna konstrukcija obezbe\u0111uje sigurnost, dok povezivanje sa POS ili fiskalnim \u0161tampa\u010dem omogu\u0107ava automatsko otvaranje (RJ11\/RJ12). Mogu\u0107e je i ru\u010dno otvaranje pomo\u0107u klju\u010da.<\/p>\n<ul data-start=\"378\" data-end=\"466\">\n<li data-section-id=\"14airvu\" data-start=\"378\" data-end=\"405\">5 pregrada za nov\u010danice<\/li>\n<li data-section-id=\"1ry0flb\" data-start=\"406\" data-end=\"432\">8 pregrada za kovanice<\/li>\n<li data-section-id=\"wwhdg\" data-start=\"433\" data-end=\"466\">Dimenzije: 410 \u00d7 410 \u00d7 100 mm<\/li>\n<\/ul>\n","protected":false},"excerpt":{"rendered":"<p>Fioka za novac HS410 Robusna i pouzdana fioka za novac, namenjena za intenzivnu svakodnevnu upotrebu u prodavnicama, restoranima i drugim<\/p>\n","protected":false},"featured_media":10686,"comment_status":"open","ping_status":"closed","template":"","meta":[],"product_brand":[],"product_cat":[129],"product_tag":[],"class_list":{"0":"post-10692","1":"product","2":"type-product","3":"status-publish","4":"has-post-thumbnail","6":"product_cat-fioke","8":"first","9":"instock","10":"shipping-taxable","11":"purchasable","12":"product-type-simple"},"_links":{"self":[{"href":"https:\/\/novi.comex.rs\/index.php?rest_route=\/wp\/v2\/product\/10692","targetHints":{"allow":["GET"]}}],"collection":[{"href":"https:\/\/novi.comex.rs\/index.php?rest_route=\/wp\/v2\/product"}],"about":[{"href":"https:\/\/novi.comex.rs\/index.php?rest_route=\/wp\/v2\/types\/product"}],"replies":[{"embeddable":true,"href":"https:\/\/novi.comex.rs\/index.php?rest_route=%2Fwp%2Fv2%2Fcomments&post=10692"}],"version-history":[{"count":1,"href":"https:\/\/novi.comex.rs\/index.php?rest_route=\/wp\/v2\/product\/10692\/revisions"}],"predecessor-version":[{"id":10694,"href":"https:\/\/novi.comex.rs\/index.php?rest_route=\/wp\/v2\/product\/10692\/revisions\/10694"}],"wp:featuredmedia":[{"embeddable":true,"href":"https:\/\/novi.comex.rs\/index.php?rest_route=\/wp\/v2\/media\/10686"}],"wp:attachment":[{"href":"https:\/\/novi.comex.rs\/index.php?rest_route=%2Fwp%2Fv2%2Fmedia&parent=10692"}],"wp:term":[{"taxonomy":"product_brand","embeddable":true,"href":"https:\/\/novi.comex.rs\/index.php?rest_route=%2Fwp%2Fv2%2Fproduct_brand&post=10692"},{"taxonomy":"product_cat","embeddable":true,"href":"https:\/\/novi.comex.rs\/index.php?rest_route=%2Fwp%2Fv2%2Fproduct_cat&post=10692"},{"taxonomy":"product_tag","embeddable":true,"href":"https:\/\/novi.comex.rs\/index.php?rest_route=%2Fwp%2Fv2%2Fproduct_tag&post=10692"}],"curies":[{"name":"wp","href":"https:\/\/api.w.org\/{rel}","templated":true}]}}