{"id":10687,"date":"2026-04-17T08:12:00","date_gmt":"2026-04-17T08:12:00","guid":{"rendered":"https:\/\/novi.comex.rs\/?post_type=product&#038;p=10687"},"modified":"2026-04-17T08:14:33","modified_gmt":"2026-04-17T08:14:33","slug":"hs-330a","status":"publish","type":"product","link":"https:\/\/novi.comex.rs\/?product=hs-330a","title":{"rendered":"HS-330A"},"content":{"rendered":"<p data-start=\"41\" data-end=\"66\"><strong data-start=\"41\" data-end=\"66\">Fioka za novac HS330A<\/strong><\/p>\n<p data-start=\"68\" data-end=\"318\">Kompaktna i pouzdana fioka za novac, idealna za prodavnice, kafi\u0107e i POS sisteme. Izra\u0111ena od \u010dvrstog metala, obezbe\u0111uje sigurnost i dug vek trajanja. Podr\u017eava automatsko otvaranje povezivanjem sa \u0161tampa\u010dem (RJ11\/RJ12), kao i ru\u010dno otvaranje klju\u010dem.<\/p>\n<ul data-start=\"320\" data-end=\"407\">\n<li data-section-id=\"15i2yun\" data-start=\"320\" data-end=\"347\">4 pregrade za nov\u010danice<\/li>\n<li data-section-id=\"1ry0flb\" data-start=\"348\" data-end=\"374\">8 pregrada za kovanice<\/li>\n<li data-section-id=\"19titsc\" data-start=\"375\" data-end=\"407\">Dimenzije: 330 \u00d7 330 \u00d7 90 mm<\/li>\n<\/ul>\n","protected":false},"excerpt":{"rendered":"<p><img loading=\"lazy\" decoding=\"async\" class=\"alignnone size-medium wp-image-10688\" src=\"https:\/\/novi.comex.rs\/wp-content\/uploads\/2026\/04\/hs330a-300x157.jpg\" alt=\"\" width=\"300\" height=\"157\" srcset=\"https:\/\/novi.comex.rs\/wp-content\/uploads\/2026\/04\/hs330a-300x157.jpg 300w, https:\/\/novi.comex.rs\/wp-content\/uploads\/2026\/04\/hs330a-150x78.jpg 150w, https:\/\/novi.comex.rs\/wp-content\/uploads\/2026\/04\/hs330a.jpg 460w\" sizes=\"auto, (max-width: 300px) 100vw, 300px\" \/><\/p>\n","protected":false},"featured_media":10688,"comment_status":"open","ping_status":"closed","template":"","meta":[],"product_brand":[],"product_cat":[129],"product_tag":[],"class_list":{"0":"post-10687","1":"product","2":"type-product","3":"status-publish","4":"has-post-thumbnail","6":"product_cat-fioke","8":"first","9":"instock","10":"shipping-taxable","11":"purchasable","12":"product-type-simple"},"_links":{"self":[{"href":"https:\/\/novi.comex.rs\/index.php?rest_route=\/wp\/v2\/product\/10687","targetHints":{"allow":["GET"]}}],"collection":[{"href":"https:\/\/novi.comex.rs\/index.php?rest_route=\/wp\/v2\/product"}],"about":[{"href":"https:\/\/novi.comex.rs\/index.php?rest_route=\/wp\/v2\/types\/product"}],"replies":[{"embeddable":true,"href":"https:\/\/novi.comex.rs\/index.php?rest_route=%2Fwp%2Fv2%2Fcomments&post=10687"}],"version-history":[{"count":1,"href":"https:\/\/novi.comex.rs\/index.php?rest_route=\/wp\/v2\/product\/10687\/revisions"}],"predecessor-version":[{"id":10690,"href":"https:\/\/novi.comex.rs\/index.php?rest_route=\/wp\/v2\/product\/10687\/revisions\/10690"}],"wp:featuredmedia":[{"embeddable":true,"href":"https:\/\/novi.comex.rs\/index.php?rest_route=\/wp\/v2\/media\/10688"}],"wp:attachment":[{"href":"https:\/\/novi.comex.rs\/index.php?rest_route=%2Fwp%2Fv2%2Fmedia&parent=10687"}],"wp:term":[{"taxonomy":"product_brand","embeddable":true,"href":"https:\/\/novi.comex.rs\/index.php?rest_route=%2Fwp%2Fv2%2Fproduct_brand&post=10687"},{"taxonomy":"product_cat","embeddable":true,"href":"https:\/\/novi.comex.rs\/index.php?rest_route=%2Fwp%2Fv2%2Fproduct_cat&post=10687"},{"taxonomy":"product_tag","embeddable":true,"href":"https:\/\/novi.comex.rs\/index.php?rest_route=%2Fwp%2Fv2%2Fproduct_tag&post=10687"}],"curies":[{"name":"wp","href":"https:\/\/api.w.org\/{rel}","templated":true}]}}